{"id":322,"date":"2020-04-10T13:35:02","date_gmt":"2020-04-10T13:35:02","guid":{"rendered":"https:\/\/www.dioda.ro\/blog\/?page_id=322"},"modified":"2025-04-28T04:25:09","modified_gmt":"2025-04-28T04:25:09","slug":"26-utilizari-pentru-alcool-izopropilic-si-la-ce-nu-trebuie-sa-il-utilizati","status":"publish","type":"page","link":"https:\/\/www.dioda.ro\/blog\/26-utilizari-pentru-alcool-izopropilic-si-la-ce-nu-trebuie-sa-il-utilizati\/","title":{"rendered":"26 Utiliz\u0103ri pentru alcool izopropilic si la ce NU ar trebui s\u0103 \u00eel utiliza\u021bi !"},"content":{"rendered":"\n<h3 class=\"wp-block-heading\">26 Utiliz\u0103ri pentru <a href=\"https:\/\/www.dioda.ro\/4449-alcool-izopropilic\" target=\"_blank\" rel=\"noreferrer noopener\">alcool izopropilic<\/a> si mai ales la ce NU ar trebui s\u0103 \u00eel utiliza\u021bi !<\/h3>\n\n\n\n<ul class=\"wp-block-list\">\n<li><a class=\"rank-math-link\" href=\"#alcool-izopropilic-uz-medical\">Uz medical<\/a><\/li>\n\n\n\n<li><a class=\"rank-math-link\" href=\"#alcool-izopropilic-la-domiciliu\">S\u0103n\u0103tate la domiciliu<\/a><\/li>\n\n\n\n<li><a class=\"rank-math-link\" href=\"#alcool-izopropilic-curatarea-locuintelor\">Cur\u0103\u021barea locuin\u021belor<\/a><\/li>\n\n\n\n<li><a class=\"rank-math-link\" href=\"#alcool-izopropilic-sa-nu-folosesti\">La ce s\u0103 nu-l folose\u0219ti<\/a><\/li>\n\n\n\n<li><a class=\"rank-math-link\" href=\"#alcool-izopropilic-concluzii\">Concluzii<\/a><\/li>\n<\/ul>\n\n\n\n<p><a href=\"https:\/\/www.dioda.ro\/4449-alcool-izopropilic\" data-type=\"link\" data-id=\"https:\/\/www.dioda.ro\/4449-alcool-izopropilic\" target=\"_blank\" rel=\"noreferrer noopener\">Alcoolul izopropilic<\/a> sau rubbing alcool (cum este denumit pe scara larga in statele unite) este un articol uzual comun \u0219i surprinz\u0103tor de versatil.&nbsp;De la cur\u0103\u021barea jaluzelelor dvs. p\u00e2n\u0103 la scoaterea petelor de marker permanent nepl\u0103cut, citi\u021bi mai departe pentru a vedea mai multe utiliz\u0103ri ale alcoolului izopropilic \u0219i c\u00e2teva sfaturi de siguran\u021b\u0103.<\/p>\n\n\n\n<p><img loading=\"lazy\" decoding=\"async\" class=\"alignnone size-medium wp-image-1545\" src=\"https:\/\/www.dioda.ro\/blog\/wp-content\/uploads\/2025\/04\/ComfyUI_00006_-300x225.png\" alt=\"alcool izopropilic\" width=\"300\" height=\"225\" srcset=\"https:\/\/www.dioda.ro\/blog\/wp-content\/uploads\/2025\/04\/ComfyUI_00006_-300x225.png 300w, https:\/\/www.dioda.ro\/blog\/wp-content\/uploads\/2025\/04\/ComfyUI_00006_-768x576.png 768w, https:\/\/www.dioda.ro\/blog\/wp-content\/uploads\/2025\/04\/ComfyUI_00006_.png 800w\" sizes=\"auto, (max-width: 300px) 100vw, 300px\" \/><\/p>\n\n\n\n<p>Iat\u0103 un rezumat al utiliz\u0103rilor pentru<a href=\"https:\/\/www.dioda.ro\/4449-alcool-izopropilic\" data-type=\"link\" data-id=\"https:\/\/www.dioda.ro\/4449-alcool-izopropilic\" target=\"_blank\" rel=\"noreferrer noopener\"> alcool izopropilic<\/a> \u00een diferite set\u0103ri \/ concentratii (vom intra \u00een detalii mai jos)<\/p>\n\n\n\n<figure class=\"wp-block-table\"><table><tbody><tr><td><strong>Practici medicale<\/strong><\/td><td><strong>S\u0103n\u0103tate la domiciliu<\/strong><\/td><td><strong>Cur\u0103\u021barea locuin\u021belor<\/strong><\/td><\/tr><tr><td>antiseptic<\/td><td>astringent<\/td><td>cur\u0103\u021barea jaluzelelor<\/td><\/tr><tr><td>grea\u021b\u0103 postoperatorie<\/td><td>deodorant<\/td><td>cur\u0103\u021barea tablei de scris<\/td><\/tr><tr><td>dezinfectant de suprafa\u021b\u0103<\/td><td>evaporarea apei din ureche<\/td><td>curatarea periilor de machiaj<\/td><\/tr><tr><td><\/td><td>liniment pentru durerile musculare<\/td><td>cur\u0103\u021barea chiuvetelor \u0219i cromului<\/td><\/tr><tr><td><\/td><td>\u00eendep\u0103rtarea c\u0103pu\u0219elor<\/td><td>dezodorizant pantofi<\/td><\/tr><tr><td><\/td><td>pachete de ghea\u021b\u0103 modelabile<\/td><td>dezinfectarea mouse-ului \u0219i tastaturii computerului<\/td><\/tr><tr><td><\/td><td><\/td><td>dezinfectarea telefonului mobil<\/td><\/tr><tr><td><\/td><td><\/td><td>dezghetarea parbrizului<\/td><\/tr><tr><td><\/td><td><\/td><td>sc\u0103p\u0103m de mu\u0219tele fructelor<\/td><\/tr><tr><td><\/td><td><\/td><td>crearea unui dezinfectant de cas\u0103<\/td><\/tr><tr><td><\/td><td><\/td><td>cur\u0103\u021barea bijuteriilor<\/td><\/tr><tr><td><\/td><td><\/td><td>\u00eempiedica murdarirea din jurul gulerului la camasa<\/td><\/tr><tr><td><\/td><td><\/td><td>regenerarea bure\u021bilor de bucatarie<\/td><\/tr><tr><td><\/td><td><\/td><td>curatarea oglinzilor si faiantei<\/td><\/tr><tr><td><\/td><td><\/td><td>\u00eendep\u0103rta\u021bi cerneala \u0219i petele de marker permanent<\/td><\/tr><tr><td><\/td><td><\/td><td>scoaterea autocolantelor<\/td><\/tr><tr><td><\/td><td><\/td><td>cur\u0103\u021barea o\u021belului inoxidabil<\/td><\/tr><tr><td><\/td><td><\/td><td><\/td><\/tr><\/tbody><\/table><\/figure>\n\n\n\n<h2 class=\"wp-block-heading\" id=\"alcool-izopropilic-uz-medical\">Uz medical<\/h2>\n\n\n\n<p>Exist\u0103 un motiv bun pentru care <a class=\"rank-math-link\" href=\"https:\/\/www.dioda.ro\/home\/5647-alcool-izopropilic-inalta-puritate-ipa-1000ml.html\"><\/a><a href=\"https:\/\/www.dioda.ro\/4449-alcool-izopropilic\" data-type=\"link\" data-id=\"https:\/\/www.dioda.ro\/4449-alcool-izopropilic\" target=\"_blank\" rel=\"noreferrer noopener\">alcool izopropilic<\/a> este parte din trusele de prim ajutor ale majorit\u0103\u021bii oamenilor.&nbsp;\u00cel pute\u021bi folosi \u00een urm\u0103toarele scopuri medicale:<\/p>\n\n\n\n<ul class=\"wp-block-list\">\n<li><strong>Antiseptic.&nbsp;<\/strong><a aria-label=\" (opens in a new tab)\" class=\"rank-math-link\" href=\"https:\/\/www.dioda.ro\/home\/5647-alcool-izopropilic-inalta-puritate-ipa-1000ml.html\" target=\"_blank\" rel=\"noreferrer noopener\"><\/a><a href=\"https:\/\/www.dioda.ro\/4449-alcool-izopropilic\" data-type=\"link\" data-id=\"https:\/\/www.dioda.ro\/4449-alcool-izopropilic\" target=\"_blank\" rel=\"noreferrer noopener\">alcool izopropilic<\/a> este un&nbsp;tratament bactericid natural&nbsp;.&nbsp;Aceasta \u00eenseamn\u0103 c\u0103 ucide bacteriile, dar nu \u00eempiedic\u0103 neap\u0103rat cre\u0219terea lor.&nbsp;Alcoolul izopropilic poate de asemenea ucide ciuperca \u0219i viru\u0219ii.&nbsp;Cu toate acestea, este important ca o persoan\u0103 s\u0103 foloseasc\u0103 o concentra\u021bie de alcoolul izopropilic de cel pu\u021bin 50%.&nbsp;\u00cen caz contrar, solu\u021bia nu poate ucide eficient bacteriile.<\/li>\n\n\n\n<li><strong>Grea\u021b\u0103 postoperatorie.&nbsp;<\/strong>O&nbsp;<a class=\"rank-math-link\" href=\"https:\/\/www.cochrane.org\/CD007598\/ANAESTH_aromatherapy-treating-postoperative-nausea-and-vomiting\" target=\"_blank\" rel=\"noreferrer noopener\">recenzie a<\/a>&nbsp;dovedit c\u0103 timpul pentru ameliorarea simptomelor de grea\u021b\u0103 postoperatorie a fost cu 50 la sut\u0103 mai rapid atunci c\u00e2nd mirosea alcoolul izopropilic, comparativ cu medicamentele tradi\u021bionale utilizate pentru a trata grea\u021ba.&nbsp;Mirosul de alcool izopropilic poate ajuta rapid la ameliorarea gre\u021burilor, de obicei atunci c\u00e2nd mirosi un tampon de bumbac \u00eembibat sau o carp\u0103.<\/li>\n\n\n\n<li><strong>Dezinfectant de suprafa\u021b\u0103.&nbsp;<\/strong>Pute\u021bi utiliza <a class=\"rank-math-link\" href=\"https:\/\/www.dioda.ro\/home\/5647-alcool-izopropilic-inalta-puritate-ipa-1000ml.html\"><\/a><a href=\"https:\/\/www.dioda.ro\/4449-alcool-izopropilic\" data-type=\"link\" data-id=\"https:\/\/www.dioda.ro\/4449-alcool-izopropilic\" target=\"_blank\" rel=\"noreferrer noopener\">alcoolul izopropilic<\/a> ca dezinfectant pentru articole precum foarfece, termometre \u0219i alte suprafe\u021be.&nbsp;Cu toate acestea, alcoolul izopropilic nu este \u00eentotdeauna suficient de fiabil ca dezinfectant de grad spital.&nbsp;De asemenea, poate deteriora acoperirea de protec\u021bie pe unele articole, cum ar fi pl\u0103ci de plastic sau lentile de ochelari.<\/li>\n<\/ul>\n\n\n\n<h2 class=\"wp-block-heading\" id=\"alcool-izopropilic-la-domiciliu\">S\u0103n\u0103tate la domiciliu<\/h2>\n\n\n\n<p>Cei mai mul\u021bi produc\u0103tori v\u00e2nd <a class=\"rank-math-link\" href=\"https:\/\/www.dioda.ro\/home\/5647-alcool-izopropilic-inalta-puritate-ipa-1000ml.html\"><\/a><a href=\"https:\/\/www.dioda.ro\/4449-alcool-izopropilic\" data-type=\"link\" data-id=\"https:\/\/www.dioda.ro\/4449-alcool-izopropilic\" target=\"_blank\" rel=\"noreferrer noopener\">alcool izopropilic<\/a> \u00een diferite formule de concentratie, respectiv 70 sau 99 la sut\u0103 .&nbsp;De regul\u0103 general\u0103, concentratia de 70% de alcoolul izopropilic este mai prietenoasa pentru utilizarea pe pielea ta.<\/p>\n\n\n\n<ul class=\"wp-block-list\">\n<li><strong>Astringent.&nbsp;<\/strong><a aria-label=\"alcoolul izopropilic (opens in a new tab)\" class=\"rank-math-link\" href=\"https:\/\/www.dioda.ro\/home\/5647-alcool-izopropilic-inalta-puritate-ipa-1000ml.html\" target=\"_blank\" rel=\"noreferrer noopener\">alcoolul izopropilic<\/a> este un astringent natural care v\u0103 poate ajuta s\u0103 str\u00e2nge\u021bi porii \u0219i s\u0103 v\u0103 l\u0103sa\u021bi pielea s\u0103 se simt\u0103 \u00eenviorat\u0103.&nbsp;Aplica\u021bi dup\u0103 cur\u0103\u021barea pielii \u0219i \u00eenainte de a aplica hidratant sau protec\u021bie solar\u0103.&nbsp;Din p\u0103cate, alcoolul izopropilic poate fi foarte uscat\u0103 pentru piele, a\u0219a c\u0103 nu folosi\u021bi pe nicio zon\u0103 uscat\u0103.&nbsp;De asemenea, aplicarea acestuia dup\u0103 b\u0103rbierit sau pe zone deschise de acnee poate provoca o senza\u021bie de arsur\u0103. (atentie folositi alcool izopropilic diluat cu apa distilata sau apa fiarta si racita)<\/li>\n\n\n\n<li><strong>Deodorant.&nbsp;<\/strong><a aria-label=\"alcoolul izopropilic (opens in a new tab)\" class=\"rank-math-link\" href=\"https:\/\/www.dioda.ro\/home\/5647-alcool-izopropilic-inalta-puritate-ipa-1000ml.html\" target=\"_blank\" rel=\"noreferrer noopener\"><\/a><a href=\"https:\/\/www.dioda.ro\/4449-alcool-izopropilic\" data-type=\"link\" data-id=\"https:\/\/www.dioda.ro\/4449-alcool-izopropilic\" target=\"_blank\" rel=\"noreferrer noopener\">alcool izopropilic<\/a> poate fi un ajutor rapid dac\u0103 sunte\u021bi afara deodorant.&nbsp;Pute\u021bi pulveriza direct pe axila, dar evita\u021bi dup\u0103 b\u0103rbierit, deoarece pot intepa.&nbsp;Unele persoane amestec\u0103, de asemenea, uleiuri esen\u021biale, cum ar fi lavanda cu alcoolul, pentru un miros calmant al pielii.<\/li>\n\n\n\n<li><strong>Evaporarea apei din ureche.&nbsp;<\/strong>Dac\u0103 ave\u021bi ap\u0103 \u00een urechi dintr-o piscin\u0103, amesteca\u021bi o solu\u021bie de 1\/2 linguri\u021b\u0103 de alcool izopropilic \u0219i 1\/2 linguri\u021b\u0103 o\u021bet alb.&nbsp;Turna\u021bi sau a\u0219eza\u021bi cu un picurator solu\u021bia \u00een ureche, \u00een timp ce capul este \u00een lateral.&nbsp;L\u0103sa\u021bi solu\u021bia s\u0103 se scurg\u0103.&nbsp;Nu o aplica\u021bi dac\u0103 ave\u021bi o infec\u021bie la nivelul urechii sau o ruptur\u0103 \u00een timpan, deoarece solu\u021bia ar putea intra mai ad\u00e2nc \u00een ureche.<\/li>\n\n\n\n<li><strong>Amelioreaza durerile musculare.&nbsp;<\/strong>Aplicarea unei c\u00e2rpe \u00eenmuiate \u00een <a aria-label=\" (opens in a new tab)\" class=\"rank-math-link\" href=\"https:\/\/www.dioda.ro\/home\/5647-alcool-izopropilic-inalta-puritate-ipa-1000ml.html\" target=\"_blank\" rel=\"noreferrer noopener\"><\/a><a href=\"https:\/\/www.dioda.ro\/4449-alcool-izopropilic\" data-type=\"link\" data-id=\"https:\/\/www.dioda.ro\/4449-alcool-izopropilic\" target=\"_blank\" rel=\"noreferrer noopener\">alcool izopropilic<\/a> diluat pe mu\u0219chii durerosi poate crea o senza\u021bie de r\u0103cire \u0219i poate stimula fluxul de s\u00e2nge \u00een zonele de durere.&nbsp;Se aplic\u0103 numai pe o zon\u0103 mic\u0103.&nbsp;Introducerea alcoolului pe \u00eentregul corp poate provoca efecte neurologice nocive, deoarece pielea ta \u00eel poate absorbi.<\/li>\n\n\n\n<li><strong>\u00cendep\u0103rtarea c\u0103pu\u0219elor.&nbsp;<\/strong>Dac\u0103 dumneavoastr\u0103 sau c\u00e2inele sau pisica ave\u021bi o c\u0103pu\u0219\u0103, aplicarea de alcool izopropilic pe c\u0103pu\u0219\u0103 \u00eenainte de a o \u00eendep\u0103rta v\u0103 poate ajuta s\u0103 sl\u0103bi\u021bi c\u0103pu\u0219a si sa se desprinda usor.&nbsp;Ar trebui s\u0103 po\u021bi scoate c\u0103pu\u0219a aproape imediat dup\u0103 aplicarea alcool izopropilic.&nbsp;Dup\u0103 ce c\u0103pu\u0219a a disp\u0103rut, aplica\u021bi mai mult alcool pentru a dezinfecta locul.<\/li>\n\n\n\n<li><strong>Pachete de ghea\u021b\u0103 maleabile.&nbsp;<\/strong>Pachetele de ghea\u021b\u0103 pot deveni modelabile datorit\u0103 alcoolului izopropilic .&nbsp;Pentru a face, combina\u021bi o parte alcool cu \u200b\u200btrei p\u0103r\u021bi ap\u0103 \u00eentr-o pung\u0103 de plastic bine sigilat\u0103 \u0219i pune\u021bi-l \u00een congelator.&nbsp;\u00cenainte de a utiliza, \u00eenf\u0103\u0219ura\u021bi o c\u00e2rp\u0103 moale \u00een jurul pungii \u0219i aplica\u021bi pe orice zone care au nevoie de ghea\u021b\u0103 \/ racire.<\/li>\n<\/ul>\n\n\n\n<h3 class=\"wp-block-heading\">Avertiz\u0103ri<\/h3>\n\n\n\n<ol class=\"wp-block-list\">\n<li>Nu&nbsp;bea&nbsp;niciodat\u0103&nbsp;<a class=\"rank-math-link\" href=\"https:\/\/www.healthline.com\/health\/isopropyl-alcohol\"><\/a><a href=\"https:\/\/www.dioda.ro\/4449-alcool-izopropilic\" data-type=\"link\" data-id=\"https:\/\/www.dioda.ro\/4449-alcool-izopropilic\" target=\"_blank\" rel=\"noreferrer noopener\">alcool izopropilic<\/a>.&nbsp;A face acest lucru poate fi mortal.&nbsp;Ar trebui s\u0103-l folose\u0219ti doar pe piele (uz extern) \u0219i s\u0103 nu-i la\u0219i niciodat\u0103 pe copii s\u0103-l foloseasc\u0103 f\u0103r\u0103 supraveghere.&nbsp;De asemenea, nu folosi\u021bi niciodat\u0103 falcool izopropilic pentru a reduce febra &#8211; este ineficient \u0219i periculos s\u0103 face\u021bi acest lucru.<\/li>\n\n\n\n<li>Alcoolul izopropilic este, de asemenea, foarte inflamabil, a\u0219a c\u0103 nu-l folosi\u021bi niciodat\u0103 \u00een apropierea unei fl\u0103c\u0103ri deschise sau la c\u0103ldur\u0103 mare.<\/li>\n\n\n\n<li>Dac\u0103 folose\u0219ti alcool \u0219i ai semne de reac\u021bie alergic\u0103 (cum ar fi probleme de respira\u021bie, urticarie, umflare facial\u0103 sau umflarea buzelor, limbii sau g\u00e2tului), suna\u021bi la 112 \u0219i solicita\u021bi asisten\u021b\u0103 medical\u0103 de urgen\u021b\u0103.<\/li>\n<\/ol>\n\n\n\n<h2 class=\"wp-block-heading\" id=\"alcool-izopropilic-curatarea-locuintelor\">Cur\u0103\u021barea locuin\u021belor<\/h2>\n\n\n\n<p>Alcoolul are multiple utiliz\u0103ri \u00een casa dvs., de la lustruire la dezinfectare.&nbsp;Cumparati o sticl\u0103 \u0219i verifica\u021bi urm\u0103toarele intrebuintari in gospod\u0103rie de pe list\u0103.<\/p>\n\n\n\n<ul class=\"wp-block-list\">\n<li><strong>Cur\u0103\u021barea jaluzelelor.&nbsp;<\/strong>\u00cenf\u0103\u0219ura\u021bi o toalet\u0103 \u00eembibat\u0103 cu alcool \u00een jurul unei spatule, a\u0219eza\u021bi o band\u0103 de cauciuc \u00een jurul p\u00e2nzei \u0219i cur\u0103\u021ba\u021bi \u00eentre \u0219ipci de jaluzele.&nbsp;Acest lucru poate fi un mod rapid \u0219i u\u0219or de a face cur\u0103\u021barea acestor jaluzele greu de cur\u0103\u021bat.<\/li>\n\n\n\n<li><strong>Cur\u0103\u021barea tablelor albe (ma rog se gasesc mai mult la scoala).&nbsp;<\/strong>Ve\u021bi avea nevoie de cel pu\u021bin 90% de solu\u021bie de alcool izopropilic pentru a elimina cu adev\u0103rat semnele de makere uscate.&nbsp;Pute\u021bi pune solu\u021bia \u00eentr-o sticl\u0103 cu spray sau pute\u021bi aplica unele pe o p\u00e2nz\u0103 sau un prosop de h\u00e2rtie pentru a cur\u0103\u021ba placa.<\/li>\n\n\n\n<li><strong>Cur\u0103\u021barea periilor de machiaj.&nbsp;<\/strong>Pute\u021bi folosi propriet\u0103\u021bile dezinfectante ale alcoolului pentru a v\u0103 cur\u0103\u021ba periile de machiaj.&nbsp;Turna\u021bi ni\u0219te alcool frec\u00e2nd \u00eentr-o cea\u0219c\u0103 mic\u0103 \u0219i scufunda\u021bi peria de machiaj \u00een cea\u0219c\u0103, \u00eenv\u00e2rtindu-l pentru c\u00e2teva secunde.&nbsp;Cl\u0103ti\u021bi peria cu ap\u0103 c\u0103ldu\u021b\u0103 \u0219i a\u0219eza\u021bi pe un prosop pentru a se usca.<\/li>\n\n\n\n<li><strong>Cur\u0103\u021barea chiuvetelor \u0219i cromului.&nbsp;<\/strong>Frecarea alcoolului poate face aceste suprafe\u021be curate \u0219i str\u0103lucitoare.&nbsp;Turna\u021bi alcoolul pe o c\u00e2rp\u0103 moale \u0219i cur\u0103\u021ba\u021bi.&nbsp;Nu trebuie s\u0103 urma\u021bi cu ap\u0103 pentru a v\u0103 cl\u0103ti, deoarece alcoolul se va evapora.<\/li>\n\n\n\n<li>D<strong><\/strong><strong>ezodorizant<\/strong> <strong>Pantofi .&nbsp;<\/strong>\u00cen cazul \u00een care pantofii dvs. \u00eencep s\u0103 miroas\u0103 puternic, pulverizarea pe frecarea alcoolului v\u0103 poate ajuta.&nbsp;Punerea lor la soare s\u0103 se usuce complet poate ajuta alcoolul \u00een uciderea bacteriilor.<\/li>\n\n\n\n<li><strong>Dezinfectarea mouse-ului \u0219i tastaturii computerului.&nbsp;<\/strong>Folosirea unui alcool de 90% sau mai mare poate face un produs de cur\u0103\u021bare rapid\u0103 care se evapor\u0103 pentru electronica dvs.&nbsp;Utiliza\u021bi un tampon de bumbac \u00eembibat cu alcool sau o c\u00e2rp\u0103 de microfibr\u0103 \u00eembibat\u0103 cu alcool pentru a cur\u0103\u021ba tastatura \u0219i mouse-ul computerului.<\/li>\n\n\n\n<li><strong>Dezinfectarea telefonului mobil.&nbsp;<\/strong>De la uleiurile de ten p\u00e2n\u0103 la machiaj, exist\u0103 o mul\u021bime de lucruri care \u00ee\u021bi pot murd\u0103ri telefonul.&nbsp;Folosi\u021bi un tampon de alcool sau \u0219terge\u021bi pentru cur\u0103\u021bare \u0219i dezinfectare.<\/li>\n\n\n\n<li><strong>Dezghetarea parbrizului.&nbsp;<\/strong>Pute\u021bi amesteca o solu\u021bie de decongelare rapid\u0103 combin\u00e2nd o parte ap\u0103 \u0219i dou\u0103 p\u0103r\u021bi izopropilic 70% alcool \u00eentr-o sticl\u0103 cu spray.&nbsp;Pulverizarea acestui lucru pe parbriz va facilita eliminarea \u00eenghe\u021bului.<\/li>\n\n\n\n<li><strong>Sc\u0103pati de mu\u0219tele de fructe.&nbsp;<\/strong>Pulverizarea mu\u0219telor de fructe cu alcool izopropilic \u00eei va ucide aproape la contact.&nbsp;Cu toate acestea, nu v\u0103 \u00eendrepta\u021bi c\u0103tre niciun fruct, deoarece alcool izopropilic poate provoca stricare fructelelor.<\/li>\n\n\n\n<li><strong>Crearea dezinfectantului de cas\u0103.&nbsp;<\/strong>Pute\u021bi cur\u0103\u021ba majoritatea suprafe\u021belor pulveriz\u00e2nd sau \u0219terg\u00e2nd frecarea alcoolului pe ele.&nbsp;Cu toate acestea, nu aplica\u021bi alcoolul pe materiale permeabile, cum ar fi cuar\u021bul \u0219i granitul.&nbsp;Plasticul laminat \u0219i marmura sigilat\u0103 sunt ok.<\/li>\n\n\n\n<li><strong>Cur\u0103\u021barea bijuteriilor.&nbsp;<\/strong>Dac\u0103 inelele, br\u0103\u021b\u0103rile \u0219i alte bijuterii \u0219i-au pierdut str\u0103lucirea, \u00eenmuierea lor \u00een alcool izopropilic v\u0103 poate ajuta.&nbsp;\u0218terge\u021bi-le cu o c\u00e2rp\u0103 curat\u0103 pentru a ob\u021bine o str\u0103lucire superioar\u0103.<\/li>\n\n\n\n<li><strong>Prevenirea inelului \u00een jurul gulerului camasii.&nbsp;<\/strong>\u0218tergerea g\u00e2tului cu o garnitur\u0103 de bumbac \u00eembibat\u0103 cu alcool te poate ajuta s\u0103 \u00ee\u021bi p\u0103strezi mai mult timp c\u0103ma\u0219ile mai curate.<\/li>\n\n\n\n<li><strong>Bure\u021bi regenerati <\/strong>\u00cenmuierea bure\u021bilor de buc\u0103t\u0103rie \u00een alcool izopropilic poate ajuta la dezinfectarea lor, astfel \u00eenc\u00e2t s\u0103 fie gata de utilizare.&nbsp;Acest truc de economisire a banilor v\u0103 poate oferi bure\u021bilor o via\u021b\u0103 nou\u0103.<\/li>\n\n\n\n<li><strong>Pentru curatat oglinzi \u0219i faianta.&nbsp;<\/strong>\u00cenmuia\u021bi sau pulveriza\u021bi alcoolul pe o c\u00e2rp\u0103 moale \u0219i folosi\u021bi pentru a ob\u021bine o suprafa\u021b\u0103 transparent\u0103 curata.<\/li>\n\n\n\n<li><strong>\u00cendep\u0103rtarea cernelei \u0219i petele de marker permanent.&nbsp;<\/strong>Pute\u021bi inlatura petele nepl\u0103cute prin \u00eenmuierea unei zone p\u0103tate \u00een alcool izopropilic timp de c\u00e2teva minute.&nbsp;Urma\u021bi acest lucru cu sp\u0103larea hainelor.<\/li>\n\n\n\n<li><strong>Scoaterea autocolantelor.&nbsp;<\/strong>Dac\u0103 micu\u021bul t\u0103u a lipit pe bord cu autocolante, \u00eencerca\u021bi s\u0103 satura\u021bi autocolantul cu alcool izopropilic.&nbsp;A\u0219tepta\u021bi 10 minute \u0219i ar trebui s\u0103 pute\u021bi scoateti mai u\u0219or autocolantul.<\/li>\n\n\n\n<li><strong>Cur\u0103\u021barea&nbsp;o\u021belului inoxidabil.&nbsp;<\/strong>Alcoolul izopropilic poate fi un excelent produs de cur\u0103\u021bat din o\u021bel inoxidabil prin eliminarea petelor de ap\u0103 \u0219i dezinfectarea suprafe\u021bei.&nbsp;Folosi\u021bi un prosop de microfibr\u0103 \u00eembibat cu alcool izopropilic pentru a cur\u0103\u021ba orice o\u021bel inoxidabil din casa dvs.<\/li>\n<\/ul>\n\n\n\n<h2 class=\"wp-block-heading\" id=\"alcool-izopropilic-sa-nu-folosesti\">S\u0103 NU folosi\u021bi alcool izopropilic pentru<\/h2>\n\n\n\n<p>\u00cen ciuda a ceea ce ar putea spune internetul, alcool izopropilic nu este bun pentru urm\u0103toarele :<\/p>\n\n\n\n<ul class=\"wp-block-list\">\n<li><strong>Acnee.&nbsp;<\/strong>Folosi\u021bi alcool izopropilic cu precau\u021bie pe&nbsp;pielea predispus\u0103&nbsp;la&nbsp;acnee&nbsp;.&nbsp;Alcoolul izopropilic poate genera piele foarte uscat\u0103, ceea ce ar putea determina pielea ta s\u0103 produc\u0103 ulei \u0219i s\u0103 \u00eenr\u0103ut\u0103\u021beasc\u0103 defectele.&nbsp;Dac\u0103 ave\u021bi zone deschise \/ ranite ale pielii, alcoolul  izopropilic ar putea arde \u0219i atunci c\u00e2nd se aplic\u0103.<\/li>\n\n\n\n<li><strong>Febra&nbsp;.&nbsp;<\/strong>P\u0103rin\u021bii obi\u0219nuiau s\u0103 foloseasc\u0103 alcool izopropilic aplicat pe pielea copilului pentru a da senza\u021bie de r\u0103cire.&nbsp;Cu toate acestea, aceast\u0103 metod\u0103 este poten\u021bial periculoas\u0103, deoarece pielea unui copil poate absorbi alcoolul \u0219i poate deveni toxic.&nbsp;Chiar \u0219i adul\u021bii pot avea probleme neurologice \u0219i cardiace de la aplicarea prosoapelor \u00eenmuiate de alcool pe pielea goal\u0103.<\/li>\n\n\n\n<li><strong>In sare de&nbsp;baie.&nbsp;<\/strong>B\u0103ile cu alcool sunt periculoase din acela\u0219i motiv ca \u0219i aplicarea alcoolului pe piele pentru febr\u0103.&nbsp;Organismul poate absorbi alcoolul \u0219i poate provoca simptome toxice.<\/li>\n\n\n\n<li><strong>P\u0103duchii.&nbsp;<\/strong>De\u0219i frecarea alcoolului poate ajuta la uciderea&nbsp;p\u0103duchilor&nbsp;, poate provoca \u0219i arsuri chimice la nivelul scalpului.&nbsp;Evita\u021bi aceast\u0103 metod\u0103 \u00een favoarea tratamentelor mai dovedite, cum ar fi \u0219ampoanele cu p\u0103duchi medicate.<\/li>\n<\/ul>\n\n\n\n<p>Dac\u0103 nu sunte\u021bi sigur dac\u0103 consumul de alcool este sigur pentru utilizare, adresa\u021bi-v\u0103 medicului dumneavoastr\u0103 sau unui alt furnizor de servicii medicale.<\/p>\n\n\n\n<h2 class=\"wp-block-heading\" id=\"alcool-izopropilic-concluzii\">Concluzii<\/h2>\n\n\n\n<p>Alcoolul izopropilic are multe utiliz\u0103ri \u00een casa dvs., inclusiv pentru cur\u0103\u021bare \u0219i dezinfectant.&nbsp;De asemenea, pute\u021bi profita de scopurile sale antiseptice \u0219i de r\u0103cire pe piele, \u00een cantit\u0103\u021bi mici.<\/p>\n\n\n\n<p><strong>Nu uita\u021bi s\u0103 nu-l be\u021bi, sau s\u0103-l folosi\u021bi pe copii sau l\u00e2ng\u0103 fl\u0103c\u0103ri deschise.<\/strong><\/p>\n\n\n\n<p>referinte : <a href=\"https:\/\/www.healthline.com\/health\/rubbing-alcohol-uses\">https:\/\/www.healthline.com\/health\/rubbing-alcohol-uses<\/a><\/p>\n\n\n\n<p><\/p>\n","protected":false},"excerpt":{"rendered":"<p>26 Utiliz\u0103ri pentru alcool izopropilic si mai ales la ce NU ar trebui s\u0103 \u00eel utiliza\u021bi ! Alcoolul izopropilic sau rubbing alcool (cum este denumit pe scara larga in statele unite) este un articol uzual comun \u0219i surprinz\u0103tor de versatil.&nbsp;De la cur\u0103\u021barea jaluzelelor dvs. p\u00e2n\u0103 la scoaterea petelor de marker permanent nepl\u0103cut, citi\u021bi mai departe &#8230; <a title=\"26 Utiliz\u0103ri pentru alcool izopropilic si la ce NU ar trebui s\u0103 \u00eel utiliza\u021bi !\" class=\"read-more\" href=\"https:\/\/www.dioda.ro\/blog\/26-utilizari-pentru-alcool-izopropilic-si-la-ce-nu-trebuie-sa-il-utilizati\/\" aria-label=\"Read more about 26 Utiliz\u0103ri pentru alcool izopropilic si la ce NU ar trebui s\u0103 \u00eel utiliza\u021bi !\">Read more<\/a><\/p>\n","protected":false},"author":1,"featured_media":326,"parent":0,"menu_order":0,"comment_status":"closed","ping_status":"closed","template":"","meta":{"jetpack_post_was_ever_published":false,"footnotes":""},"class_list":["post-322","page","type-page","status-publish","has-post-thumbnail"],"jetpack_sharing_enabled":true,"jetpack_shortlink":"https:\/\/wp.me\/P8WdYv-5c","jetpack_likes_enabled":true,"_links":{"self":[{"href":"https:\/\/www.dioda.ro\/blog\/wp-json\/wp\/v2\/pages\/322","targetHints":{"allow":["GET"]}}],"collection":[{"href":"https:\/\/www.dioda.ro\/blog\/wp-json\/wp\/v2\/pages"}],"about":[{"href":"https:\/\/www.dioda.ro\/blog\/wp-json\/wp\/v2\/types\/page"}],"author":[{"embeddable":true,"href":"https:\/\/www.dioda.ro\/blog\/wp-json\/wp\/v2\/users\/1"}],"replies":[{"embeddable":true,"href":"https:\/\/www.dioda.ro\/blog\/wp-json\/wp\/v2\/comments?post=322"}],"version-history":[{"count":2,"href":"https:\/\/www.dioda.ro\/blog\/wp-json\/wp\/v2\/pages\/322\/revisions"}],"predecessor-version":[{"id":1547,"href":"https:\/\/www.dioda.ro\/blog\/wp-json\/wp\/v2\/pages\/322\/revisions\/1547"}],"wp:featuredmedia":[{"embeddable":true,"href":"https:\/\/www.dioda.ro\/blog\/wp-json\/wp\/v2\/media\/326"}],"wp:attachment":[{"href":"https:\/\/www.dioda.ro\/blog\/wp-json\/wp\/v2\/media?parent=322"}],"curies":[{"name":"wp","href":"https:\/\/api.w.org\/{rel}","templated":true}]}}